{"id":31,"date":"2014-09-29T23:01:40","date_gmt":"2014-09-29T21:01:40","guid":{"rendered":"http:\/\/www.act-ermont.fr\/?page_id=31"},"modified":"2014-09-29T23:01:40","modified_gmt":"2014-09-29T21:01:40","slug":"histoire-et-identification","status":"publish","type":"page","link":"https:\/\/act-ermont.fr\/?page_id=31","title":{"rendered":"Histoire et identification"},"content":{"rendered":"<h1><strong>HISTOIRE<\/strong><\/h1>\n<p>L\u2019Association des Clubs de Tennis d\u2019Ermont (A.C.T.E.) est n\u00e9e en 1993 de la fusion de deux clubs :<\/p>\n<ul>\n<li>le club municipal d\u2019Ermont sur le site \u00ab\u00a0Berthelot\u00a0\u00bb<\/li>\n<li>l\u2019ASCAE g\u00e9r\u00e9e par la SCNF sur le site de Raoul Dautry<\/li>\n<\/ul>\n<p>Ce nouvel \u00e9lan a propuls\u00e9 l\u2019ACTE au tout premier rang des clubs du Val d\u2019Oise<\/p>\n<p>L\u2019ACTE a stabilis\u00e9 le nombre de ses adh\u00e9rents \u00e0 environ 760 depuis sa cr\u00e9ation.<\/p>\n<p>C\u2019est un club riche par sa diversit\u00e9, une parit\u00e9 entre les jeunes et les adultes, entre la comp\u00e9tition et le loisir.<\/p>\n<h1>IDENTIFICATION<\/h1>\n<p>L\u2019A.C.T.E. est une Association sportive r\u00e9gie par la loi 1901 (sans but lucratif) qui a re\u00e7u du Minist\u00e8re de la Jeunesse et des Sports l\u2019agr\u00e9ment \u00ab\u00a0<em>Jeunesse et Sports<\/em>\u00a0\u00bb.<\/p>\n<p>Sa fonction principale est d\u2019organiser les activit\u00e9s de tennis \u00e0 Ermont avec l\u2019aide de la Ville qui met \u00e0 sa disposition toutes les installations n\u00e9cessaires\u00a0: 17 courts r\u00e9partis sur 2 sites de qualit\u00e9 (Complexe Raoul Dautry et Complexe Berthelot).<\/p>\n<p>Bien que faisant partie du secteur non marchand, l\u2019association fonctionne malgr\u00e9 tout comme une \u00ab\u00a0petite entreprise\u00a0\u00bb dite de \u00ab\u00a0SERVICES\u00a0\u00bb car si elle a des recettes d\u2019activit\u00e9 (subventions, cotisations) elle a aussi des co\u00fbts de production (salaires, achats d\u2019\u00e9quipements).<\/p>\n<p>Le Club d\u00e9veloppe le tennis aussi bien de loisir que de comp\u00e9tition.<\/p>\n<p>L\u2019A.C.T.E. est donc un Club\u00a0:<\/p>\n<ul>\n<li><strong>COMPETITIF et FORMATEUR<\/strong> (135 de ses joueurs et joueuses sont class\u00e9s, 40 \u00e9quipes engag\u00e9es dans les comp\u00e9titions)<\/li>\n<li><strong>DYNAMIQUE<\/strong>: organisation de Tournois, de journ\u00e9es th\u00e9matiques, des animations (raid aventure, cross interne)<\/li>\n<li><strong>CONVIVIAL<\/strong> en assurant un r\u00f4le \u00e9ducatif et social, en favorisant les liens interg\u00e9n\u00e9rationnels de ses adh\u00e9rents (de 5 \u00e0 85 ans)<\/li>\n<\/ul>\n","protected":false},"excerpt":{"rendered":"<div class=\"mh-excerpt\"><p>HISTOIRE L\u2019Association des Clubs de Tennis d\u2019Ermont (A.C.T.E.) est n\u00e9e en 1993 de la fusion de deux clubs : le club municipal d\u2019Ermont sur le site \u00ab\u00a0Berthelot\u00a0\u00bb l\u2019ASCAE g\u00e9r\u00e9e par la SCNF sur le site <a class=\"mh-excerpt-more\" href=\"https:\/\/act-ermont.fr\/?page_id=31\" title=\"Histoire et identification\">[&#8230;]<\/a><\/p>\n<\/div>","protected":false},"author":3,"featured_media":0,"parent":0,"menu_order":0,"comment_status":"closed","ping_status":"closed","template":"","meta":{"footnotes":""},"class_list":["post-31","page","type-page","status-publish"],"_links":{"self":[{"href":"https:\/\/act-ermont.fr\/index.php?rest_route=\/wp\/v2\/pages\/31","targetHints":{"allow":["GET"]}}],"collection":[{"href":"https:\/\/act-ermont.fr\/index.php?rest_route=\/wp\/v2\/pages"}],"about":[{"href":"https:\/\/act-ermont.fr\/index.php?rest_route=\/wp\/v2\/types\/page"}],"author":[{"embeddable":true,"href":"https:\/\/act-ermont.fr\/index.php?rest_route=\/wp\/v2\/users\/3"}],"replies":[{"embeddable":true,"href":"https:\/\/act-ermont.fr\/index.php?rest_route=%2Fwp%2Fv2%2Fcomments&post=31"}],"version-history":[{"count":0,"href":"https:\/\/act-ermont.fr\/index.php?rest_route=\/wp\/v2\/pages\/31\/revisions"}],"wp:attachment":[{"href":"https:\/\/act-ermont.fr\/index.php?rest_route=%2Fwp%2Fv2%2Fmedia&parent=31"}],"curies":[{"name":"wp","href":"https:\/\/api.w.org\/{rel}","templated":true}]}}