{"id":356,"date":"2014-11-06T15:36:29","date_gmt":"2014-11-06T13:36:29","guid":{"rendered":"http:\/\/www.act-ermont.fr\/?page_id=356"},"modified":"2014-11-06T15:36:29","modified_gmt":"2014-11-06T13:36:29","slug":"lenseignement","status":"publish","type":"page","link":"https:\/\/act-ermont.fr\/?page_id=356","title":{"rendered":"L&rsquo;enseignement"},"content":{"rendered":"<h1>Apprentissage du tennis<\/h1>\n<p>Quel que soit votre \u00e2ge, la FFT a mis en place dans ses clubs, une nouvelle p\u00e9dagogie et un tennis adapt\u00e9 \u00e0 chaque \u00e9tape d&rsquo;apprentissage permettant d&rsquo;\u00e9voluer au mieux vers le tennis dont vous r\u00eavez. Aujourd&rsquo;hui pr\u00e8s de 1 200 clubs proposent ce programme dans toute la France.<\/p>\n<h2>L&rsquo;\u00e9cole de tennis<\/h2>\n<h3>Mini-tennis r\u00e9serv\u00e9 aux 5-6 ans<\/h3>\n<p>La r\u00e9ussite du Mini-tennis avec sa p\u00e9dagogie et son mat\u00e9riel sp\u00e9cialement con\u00e7us pour les enfants de 5-6 ans n&rsquo;est plus \u00e0 d\u00e9montrer avec pr\u00e8s de 6 000 centres dans les clubs de la FFT. A noter que le Mini-tennis constitue aujourd&rsquo;hui la premi\u00e8re \u00e9tape du Club junior.<\/p>\n<h3>L&rsquo;initiation &#8211; 1\u00e8re balle et 2\u00e8me balle<\/h3>\n<p>A partir de 7 ans*, votre enfant peut commencer une initiation, qu&rsquo;il soit pass\u00e9 par l&rsquo;\u00e9tape mini-tennis ou non. Il joue sur un terrain traditionnel avec des balles \u00e9volutives (mousse, souples, interm\u00e9diaires) ; ses bases techniques et tactiques sont suffisantes pour qu&rsquo;il puisse commencer \u00e0 faire des matches, dans des conditions adapt\u00e9es \u00e0 son niveau.<\/p>\n<h3>Le perfectionnement &#8211; 3\u00e8me balle<\/h3>\n<p>De 8 \u00e0 12 ans*, l&rsquo;enseignement est orient\u00e9 vers le renforcement technique et tactique. L&rsquo;enfant peut jouer des matches dans les conditions adapt\u00e9es \u00e0 sa progression.<\/p>\n<h3>Le centre d&rsquo;entra\u00eenement<\/h3>\n<p>Une pratique renforc\u00e9e (\u00e0 partir de 8 ans) peut \u00eatre propos\u00e9e aux enfants motiv\u00e9s pr\u00e9sentant des aptitudes pour la comp\u00e9tition officielle et homologu\u00e9e.<\/p>\n<h3>Le Groupe Avenir Club<\/h3>\n<p>Quand un ou plusieurs enfants du centre d&rsquo;entra\u00eenement poss\u00e8de un fort potentiel de progression, un Groupe Avenir Club peut \u00eatre constitu\u00e9 et permettre un entra\u00eenement personnalis\u00e9. Ce ou ces jeunes joueurs peuvent participer aux journ\u00e9es de d\u00e9tection r\u00e9gionale.<\/p>\n<p>*Attention ! les limites d&rsquo;\u00e2ge sont donn\u00e9es \u00e0 titre indicatif.<\/p>\n<h2>Les stages<\/h2>\n<p>Vous pouvez trouver dans la plupart des clubs des s\u00e9ances d&rsquo;initiation et de perfectionnement sous forme de cours collectifs ou de stages (stages \u00e0 l&rsquo;ann\u00e9e, ponctuels lors des week-ends ou des vacances &#8230;).<br \/>\nRenseignez-vous aupr\u00e8s des clubs les plus proches de chez vous.<br \/>\nDepuis 2000, le programme tennis adultes a \u00e9t\u00e9 progressivement mis en place dans les ligues. Ce programme reprend les principes du Tennis \u00c9volutif.<br \/>\nTrois tendances ont \u00e9t\u00e9 d\u00e9clin\u00e9es en plusieurs pogrammes pour r\u00e9pondre aux attentes de chaque joueur ou futur joueur :<\/p>\n<ul>\n<li>Tennis D\u00e9couverte &lsquo;le plaisir du jeu sans attendre&rsquo;<\/li>\n<li>Tennis Forme &lsquo;\u00eatre mieux dans son corps gr\u00e2ce au tennis<\/li>\n<li>Tennis Performance &lsquo;mieux jouer son match&rsquo;<\/li>\n<\/ul>\n","protected":false},"excerpt":{"rendered":"<div class=\"mh-excerpt\"><p>Apprentissage du tennis Quel que soit votre \u00e2ge, la FFT a mis en place dans ses clubs, une nouvelle p\u00e9dagogie et un tennis adapt\u00e9 \u00e0 chaque \u00e9tape d&rsquo;apprentissage permettant d&rsquo;\u00e9voluer au mieux vers le tennis <a class=\"mh-excerpt-more\" href=\"https:\/\/act-ermont.fr\/?page_id=356\" title=\"L&rsquo;enseignement\">[&#8230;]<\/a><\/p>\n<\/div>","protected":false},"author":3,"featured_media":0,"parent":0,"menu_order":0,"comment_status":"closed","ping_status":"closed","template":"","meta":{"footnotes":""},"class_list":["post-356","page","type-page","status-publish"],"_links":{"self":[{"href":"https:\/\/act-ermont.fr\/index.php?rest_route=\/wp\/v2\/pages\/356","targetHints":{"allow":["GET"]}}],"collection":[{"href":"https:\/\/act-ermont.fr\/index.php?rest_route=\/wp\/v2\/pages"}],"about":[{"href":"https:\/\/act-ermont.fr\/index.php?rest_route=\/wp\/v2\/types\/page"}],"author":[{"embeddable":true,"href":"https:\/\/act-ermont.fr\/index.php?rest_route=\/wp\/v2\/users\/3"}],"replies":[{"embeddable":true,"href":"https:\/\/act-ermont.fr\/index.php?rest_route=%2Fwp%2Fv2%2Fcomments&post=356"}],"version-history":[{"count":0,"href":"https:\/\/act-ermont.fr\/index.php?rest_route=\/wp\/v2\/pages\/356\/revisions"}],"wp:attachment":[{"href":"https:\/\/act-ermont.fr\/index.php?rest_route=%2Fwp%2Fv2%2Fmedia&parent=356"}],"curies":[{"name":"wp","href":"https:\/\/api.w.org\/{rel}","templated":true}]}}